{"id":8,"date":"2026-02-26T16:16:33","date_gmt":"2026-02-26T15:16:33","guid":{"rendered":"https:\/\/selfinityofficial.hu\/?page_id=8"},"modified":"2026-04-03T20:50:31","modified_gmt":"2026-04-03T18:50:31","slug":"fooldal","status":"publish","type":"page","link":"https:\/\/selfinityofficial.hu\/it\/","title":{"rendered":"Felejthetetlen \u00e9lm\u00e9nyek, amikr\u0151l mindenki besz\u00e9lni fog. Selfinity &#8211; nem csak fot\u00f3&#8230;\u00e9lm\u00e9ny.."},"content":{"rendered":"<p><\/p>\n\n\n\n<p>\u2728<strong>Nem a fot\u00f3k miatt fognak eml\u00e9kezni az est\u00e9re\u2026hanem arra az \u00e9lm\u00e9nyre, amit adt\u00e1l. \u2013 Selfinity<\/strong>\u2728<\/p>\n\n\n\n<p>\ud83d\udc8eA Selfinity nem csak fot\u00f3z\u00e1s.Ez az az \u00e9lm\u00e9ny, amit a vend\u00e9geid m\u00e9g h\u00f3napokkal k\u00e9s\u0151bb is emlegetni fognak.Egy este, ahol minden pillanat k\u00fcl\u00f6nleges\u2026ahol mindenki ragyog\u2026\u00e9s ahol te adod azt az \u00e9lm\u00e9nyt, amit senki nem felejt el.\ud83d\udc8e<\/p>\n\n\n\n<p>\ud83d\udc8e Szolg\u00e1ltat\u00e1sok<\/p>\n\n\n\n<p>\u2728 Selfie Box \u2013 az est k\u00f6z\u00e9ppontja\u2728 Luxus rendezv\u00e9ny fot\u00f3z\u00e1s \u2013 elegancia minden pillanatban.<\/p>\n\n\n\n<p>\ud83d\udc8e Mi\u00e9rt a Selfinity?<\/p>\n\n\n\n<p>\ud83d\udc8eEleg\u00e1ns megjelen\u00e9sLuxus hangulatEgyedi \u00e9lm\u00e9nyNem csak fot\u00f3kat adunk\u2026hanem eml\u00e9keket.\ud83d\udc8e<\/p>\n\n\n\n<p>\ud83d\udc8eTe leszel az est k\u00f6z\u00e9ppontja.A vend\u00e9gek im\u00e1dni fognak.\ud83d\udc8e<\/p>\n\n\n\n<p>\ud83d\udc8e Kapcsolat<\/p>\n\n\n\n<p>\ud83d\udc49 \u00cdrj \u00fczenetet, \u00e9s megval\u00f3s\u00edtjuk azt az esem\u00e9nyt, amir\u0151l mindenki besz\u00e9lni fog.<\/p>\n\n\n\n<p>\u2728 Legyen sz\u00f3 sz\u00fclet\u00e9snapr\u00f3l, esk\u00fcv\u0151r\u0151l, c\u00e9ges rendezv\u00e9nyr\u0151l vagy priv\u00e1t partir\u00f3l \u2013 a Selfinity gondoskodik arr\u00f3l, hogy az este felejthetetlen legyen.<\/p>\n\n\n\n<p>\ud83d\udc8c Id\u0151pont egyeztet\u00e9s \u00e9s aj\u00e1nlat:<\/p>\n\n\n\n<p>\ud83d\udc49 \u00cdrj r\u00e1m Messengeren Selfinity \u00c9lm\u00e9ny<\/p>\n\n\n\n<p>Ne v\u00e1rj\u2026 a legjobb d\u00e1tumok gyorsan betelnek.\u2728 Selfinity \u2013 nem csak fot\u00f3\u2026 \u00e9lm\u00e9ny, amire eml\u00e9kezni fognak.<\/p>\n\n\n\n<figure class=\"wp-block-image size-large\"><img loading=\"lazy\" decoding=\"async\" width=\"683\" height=\"1024\" src=\"https:\/\/selfinityofficial.hu\/wp-content\/uploads\/2026\/02\/file_00000000815c7243a74a8ec40d448154-683x1024.png\" alt=\"\" class=\"wp-image-35\" srcset=\"https:\/\/selfinityofficial.hu\/wp-content\/uploads\/2026\/02\/file_00000000815c7243a74a8ec40d448154-683x1024.png 683w, https:\/\/selfinityofficial.hu\/wp-content\/uploads\/2026\/02\/file_00000000815c7243a74a8ec40d448154-200x300.png 200w, https:\/\/selfinityofficial.hu\/wp-content\/uploads\/2026\/02\/file_00000000815c7243a74a8ec40d448154-768x1152.png 768w, https:\/\/selfinityofficial.hu\/wp-content\/uploads\/2026\/02\/file_00000000815c7243a74a8ec40d448154.png 1024w\" sizes=\"auto, (max-width: 683px) 100vw, 683px\" \/><\/figure>\n\n\n\n<figure class=\"wp-block-image size-large\"><img loading=\"lazy\" decoding=\"async\" width=\"683\" height=\"1024\" src=\"https:\/\/selfinityofficial.hu\/wp-content\/uploads\/2026\/02\/file_000000007b047243969fc12ed3b1e47d-683x1024.png\" alt=\"\" class=\"wp-image-36\" srcset=\"https:\/\/selfinityofficial.hu\/wp-content\/uploads\/2026\/02\/file_000000007b047243969fc12ed3b1e47d-683x1024.png 683w, https:\/\/selfinityofficial.hu\/wp-content\/uploads\/2026\/02\/file_000000007b047243969fc12ed3b1e47d-200x300.png 200w, https:\/\/selfinityofficial.hu\/wp-content\/uploads\/2026\/02\/file_000000007b047243969fc12ed3b1e47d-768x1152.png 768w, https:\/\/selfinityofficial.hu\/wp-content\/uploads\/2026\/02\/file_000000007b047243969fc12ed3b1e47d.png 1024w\" sizes=\"auto, (max-width: 683px) 100vw, 683px\" \/><\/figure>\n\n\n\n<figure class=\"wp-block-image size-large\"><img loading=\"lazy\" decoding=\"async\" width=\"1024\" height=\"683\" src=\"https:\/\/selfinityofficial.hu\/wp-content\/uploads\/2026\/02\/Messenger_creation_5638FE23-98D5-48AD-931C-D907CD09CDFB-1024x683.jpeg\" alt=\"\" class=\"wp-image-38\" srcset=\"https:\/\/selfinityofficial.hu\/wp-content\/uploads\/2026\/02\/Messenger_creation_5638FE23-98D5-48AD-931C-D907CD09CDFB-1024x683.jpeg 1024w, https:\/\/selfinityofficial.hu\/wp-content\/uploads\/2026\/02\/Messenger_creation_5638FE23-98D5-48AD-931C-D907CD09CDFB-300x200.jpeg 300w, https:\/\/selfinityofficial.hu\/wp-content\/uploads\/2026\/02\/Messenger_creation_5638FE23-98D5-48AD-931C-D907CD09CDFB-768x512.jpeg 768w, https:\/\/selfinityofficial.hu\/wp-content\/uploads\/2026\/02\/Messenger_creation_5638FE23-98D5-48AD-931C-D907CD09CDFB-1536x1024.jpeg 1536w, https:\/\/selfinityofficial.hu\/wp-content\/uploads\/2026\/02\/Messenger_creation_5638FE23-98D5-48AD-931C-D907CD09CDFB.jpeg 1800w\" sizes=\"auto, (max-width: 1024px) 100vw, 1024px\" \/><\/figure>\n\n\n\n<figure class=\"wp-block-image size-large\"><img loading=\"lazy\" decoding=\"async\" width=\"1024\" height=\"683\" src=\"https:\/\/selfinityofficial.hu\/wp-content\/uploads\/2026\/02\/Messenger_creation_66BC015C-27A5-41F4-A105-E0D739E16D48-1024x683.jpeg\" alt=\"\" class=\"wp-image-39\" srcset=\"https:\/\/selfinityofficial.hu\/wp-content\/uploads\/2026\/02\/Messenger_creation_66BC015C-27A5-41F4-A105-E0D739E16D48-1024x683.jpeg 1024w, https:\/\/selfinityofficial.hu\/wp-content\/uploads\/2026\/02\/Messenger_creation_66BC015C-27A5-41F4-A105-E0D739E16D48-300x200.jpeg 300w, https:\/\/selfinityofficial.hu\/wp-content\/uploads\/2026\/02\/Messenger_creation_66BC015C-27A5-41F4-A105-E0D739E16D48-768x512.jpeg 768w, https:\/\/selfinityofficial.hu\/wp-content\/uploads\/2026\/02\/Messenger_creation_66BC015C-27A5-41F4-A105-E0D739E16D48-1536x1024.jpeg 1536w, https:\/\/selfinityofficial.hu\/wp-content\/uploads\/2026\/02\/Messenger_creation_66BC015C-27A5-41F4-A105-E0D739E16D48.jpeg 1800w\" sizes=\"auto, (max-width: 1024px) 100vw, 1024px\" \/><\/figure>\n\n\n\n<figure class=\"wp-block-image size-large\"><img loading=\"lazy\" decoding=\"async\" width=\"683\" height=\"1024\" src=\"https:\/\/selfinityofficial.hu\/wp-content\/uploads\/2026\/02\/Messenger_creation_EF0B912C-CA9D-48C1-A39E-4859C135AC23-683x1024.jpeg\" alt=\"\" class=\"wp-image-37\" srcset=\"https:\/\/selfinityofficial.hu\/wp-content\/uploads\/2026\/02\/Messenger_creation_EF0B912C-CA9D-48C1-A39E-4859C135AC23-683x1024.jpeg 683w, https:\/\/selfinityofficial.hu\/wp-content\/uploads\/2026\/02\/Messenger_creation_EF0B912C-CA9D-48C1-A39E-4859C135AC23-200x300.jpeg 200w, https:\/\/selfinityofficial.hu\/wp-content\/uploads\/2026\/02\/Messenger_creation_EF0B912C-CA9D-48C1-A39E-4859C135AC23-768x1152.jpeg 768w, https:\/\/selfinityofficial.hu\/wp-content\/uploads\/2026\/02\/Messenger_creation_EF0B912C-CA9D-48C1-A39E-4859C135AC23-1024x1536.jpeg 1024w, https:\/\/selfinityofficial.hu\/wp-content\/uploads\/2026\/02\/Messenger_creation_EF0B912C-CA9D-48C1-A39E-4859C135AC23.jpeg 1200w\" sizes=\"auto, (max-width: 683px) 100vw, 683px\" \/><\/figure>\n\n\n\n<p>\ud83d\udcf8 3 \u00f3r\u00e1s \u00c9lm\u00e9ny csomag<\/p>\n\n\n\n<p>\ud83d\udcb0 85.000 Ft\u2714 Korl\u00e1tlan fot\u00f3z\u00e1s\u2714 Azonnali nyomtat\u00e1s (1 p\u00e9ld\u00e1ny)\u2714 Digit\u00e1lis k\u00e9pek \u00e1tad\u00e1sa\u2714 Egyedi fot\u00f3sablon\u2714 Vicces kieg\u00e9sz\u00edt\u0151k\u2714 Pr\u00e9mium h\u00e1tt\u00e9r<\/p>\n\n\n\n<p>\ud83d\udcf8 4 \u00f3r\u00e1s Pr\u00e9mium csomag \u2b50<\/p>\n\n\n\n<p>\ud83d\udcb0 95.000 Ft\u2714 Korl\u00e1tlan fot\u00f3z\u00e1s\u2714 Korl\u00e1tlan nyomtat\u00e1s\u2714 Digit\u00e1lis k\u00e9pek \u00e1tad\u00e1sa\u2714 Egyedi fot\u00f3sablon\u2714 Vicces kieg\u00e9sz\u00edt\u0151k\u2714 Pr\u00e9mium h\u00e1tt\u00e9r\ud83c\udf81 Aj\u00e1nd\u00e9k: fot\u00f3album <\/p>\n\n\n\n<p>\ud83d\udcf8 5 \u00f3r\u00e1s Luxus csomag \ud83d\udc8e<\/p>\n\n\n\n<p>\ud83d\udcb0 115.000 Ft\u2714 Korl\u00e1tlan fot\u00f3z\u00e1s\u2714 Korl\u00e1tlan nyomtat\u00e1s\u2714 Digit\u00e1lis k\u00e9pek \u00e1tad\u00e1sa\u2714 Egyedi fot\u00f3sablon\u2714 Vicces kieg\u00e9sz\u00edt\u0151k\u2714 Pr\u00e9mium h\u00e1tt\u00e9r\ud83c\udf81 Aj\u00e1nd\u00e9k fot\u00f3album\ud83c\udf89 Maxim\u00e1lis \u00e9lm\u00e9ny \u2013 kompromisszumok n\u00e9lk\u00fcl<\/p>\n\n\n\n<p>\ud83d\ude97 KISZ\u00c1LL\u00c1SI D\u00cdJ \u2013 SELFINTY\ud83d\udc49<\/p>\n\n\n\n<p>\ud83d\udccd Dunaharaszti + 15 km k\u00f6rzet:\ud83d\udcb0 9.000 Ft<\/p>\n\n\n\n<p>\ud83d\udccd 15 km felett:\ud83d\udcb0 120 Ft \/ km<\/p>\n\n\n\n<p>\ud83d\udc8e Ki \u00e1ll a Selfinity m\u00f6g\u00f6tt?<\/p>\n\n\n\n<p>Nem csak egy szolg\u00e1ltat\u00e1st kapsz\u2026hanem egy \u00e9lm\u00e9nyt, amit m\u00e9g h\u00f3napokkal k\u00e9s\u0151bb is emlegetni fognak. A Selfinity m\u00f6g\u00f6tt \u00e9n \u00e1llok. Egy olyan n\u0151, aki hisz abban, hogy egy este lehet t\u00f6bb\u2026 mint egy rendezv\u00e9ny. Lehet egy eml\u00e9k.Egy \u00e9rz\u00e9s.Egy pillanat, amit soha nem akarsz elfelejteni.Amikor ott vagyok egy esem\u00e9nyen,nem csak \u201efot\u00f3zok\u201d.Figyelek.\u00c9rzem a hangulatot.\u00c9s megteremtem azt az \u00e9lm\u00e9nyt,amit\u0151l a vend\u00e9gek felszabadulnak, nevetnek\u2026 \u00e9s ragyognak.Sz\u00e1momra ez nem munka.Ez szenved\u00e9ly.Mert hiszem, hogy az igazi \u00e9rt\u00e9k nem a k\u00e9pekben van\u2026hanem abban az \u00e9rz\u00e9sben, amit adunk.Ha azt szeretn\u00e9d, hogy az esem\u00e9nyed ne csak \u201ej\u00f3\u201d legyen\u2026hanem felejthetetlen\u2026akkor j\u00f3 helyen j\u00e1rsz. \ud83d\udc8e<\/p>\n\n\n\n<p>\ud83d\udc8c \u00cdrj r\u00e1m, \u00e9s megval\u00f3s\u00edtjuk azt az est\u00e9t, amir\u0151l mindenki besz\u00e9lni fog.<\/p>\n\n\n\n<p>Facebook: Selfinity.hu<\/p>\n\n\n\n<p>+36 30 703 7456<\/p>\n\n\n\n<p><\/p>\n\n\n\n<figure class=\"wp-block-image size-large\"><img loading=\"lazy\" decoding=\"async\" width=\"768\" height=\"1024\" src=\"https:\/\/selfinityofficial.hu\/wp-content\/uploads\/2026\/02\/IMG_20250718_080859-768x1024.jpg\" alt=\"\" class=\"wp-image-48\" srcset=\"https:\/\/selfinityofficial.hu\/wp-content\/uploads\/2026\/02\/IMG_20250718_080859-768x1024.jpg 768w, https:\/\/selfinityofficial.hu\/wp-content\/uploads\/2026\/02\/IMG_20250718_080859-225x300.jpg 225w, https:\/\/selfinityofficial.hu\/wp-content\/uploads\/2026\/02\/IMG_20250718_080859-1152x1536.jpg 1152w, https:\/\/selfinityofficial.hu\/wp-content\/uploads\/2026\/02\/IMG_20250718_080859-1536x2048.jpg 1536w, https:\/\/selfinityofficial.hu\/wp-content\/uploads\/2026\/02\/IMG_20250718_080859-scaled.jpg 1920w\" sizes=\"auto, (max-width: 768px) 100vw, 768px\" \/><\/figure>\n\n\n\n<p><\/p>\n\n\n\n<figure class=\"wp-block-video\"><\/figure>\n\n\n\n<figure class=\"wp-block-video\"><video height=\"720\" style=\"aspect-ratio: 1280 \/ 720;\" width=\"1280\" controls src=\"https:\/\/selfinityofficial.hu\/wp-content\/uploads\/2026\/03\/gemini_generated_video_4e0f4e18.mp4\"><\/video><\/figure>\n\n\n\n<figure class=\"wp-block-video\"><video height=\"720\" style=\"aspect-ratio: 1280 \/ 720;\" width=\"1280\" controls src=\"https:\/\/selfinityofficial.hu\/wp-content\/uploads\/2026\/03\/gemini_generated_video_d13f30be.mp4\"><\/video><\/figure>","protected":false},"excerpt":{"rendered":"<p>\u2728Nem a fot\u00f3k miatt fognak eml\u00e9kezni az est\u00e9re\u2026hanem arra az \u00e9lm\u00e9nyre, amit adt\u00e1l. \u2013 Selfinity\u2728 \ud83d\udc8eA Selfinity nem csak fot\u00f3z\u00e1s.Ez az az \u00e9lm\u00e9ny, amit a vend\u00e9geid m\u00e9g h\u00f3napokkal k\u00e9s\u0151bb is emlegetni fognak.Egy este, ahol minden pillanat k\u00fcl\u00f6nleges\u2026ahol mindenki ragyog\u2026\u00e9s ahol te adod azt az \u00e9lm\u00e9nyt, amit senki nem felejt el.\ud83d\udc8e \ud83d\udc8e Szolg\u00e1ltat\u00e1sok \u2728 Selfie Box [&hellip;]<\/p>\n","protected":false},"author":1,"featured_media":0,"parent":0,"menu_order":0,"comment_status":"closed","ping_status":"closed","template":"","meta":{"footnotes":""},"class_list":["post-8","page","type-page","status-publish","hentry"],"_links":{"self":[{"href":"https:\/\/selfinityofficial.hu\/it\/wp-json\/wp\/v2\/pages\/8","targetHints":{"allow":["GET"]}}],"collection":[{"href":"https:\/\/selfinityofficial.hu\/it\/wp-json\/wp\/v2\/pages"}],"about":[{"href":"https:\/\/selfinityofficial.hu\/it\/wp-json\/wp\/v2\/types\/page"}],"author":[{"embeddable":true,"href":"https:\/\/selfinityofficial.hu\/it\/wp-json\/wp\/v2\/users\/1"}],"replies":[{"embeddable":true,"href":"https:\/\/selfinityofficial.hu\/it\/wp-json\/wp\/v2\/comments?post=8"}],"version-history":[{"count":27,"href":"https:\/\/selfinityofficial.hu\/it\/wp-json\/wp\/v2\/pages\/8\/revisions"}],"predecessor-version":[{"id":92,"href":"https:\/\/selfinityofficial.hu\/it\/wp-json\/wp\/v2\/pages\/8\/revisions\/92"}],"wp:attachment":[{"href":"https:\/\/selfinityofficial.hu\/it\/wp-json\/wp\/v2\/media?parent=8"}],"curies":[{"name":"wp","href":"https:\/\/api.w.org\/{rel}","templated":true}]}}